{"id":301,"date":"2025-05-24T12:54:52","date_gmt":"2025-05-24T10:54:52","guid":{"rendered":"https:\/\/risk-all.com\/historia\/"},"modified":"2025-07-03T16:44:35","modified_gmt":"2025-07-03T14:44:35","slug":"history","status":"publish","type":"page","link":"https:\/\/risk-all.com\/en\/history\/","title":{"rendered":"History"},"content":{"rendered":"\n\n<div id=\"block-banner-interior-block_5334fd1022a3833c3104c71119d356d3\" class=\"block-banner-interior\">\n    <div class=\"block-banner-interior__image\" style=\"background-image: url(https:\/\/risk-all.com\/wp-content\/uploads\/2025\/05\/risk-all-bg-scaled.jpg);\">\n        <div class=\"wrap\">\n            <p class=\"block-banner-interior__title\">Our history<\/p>\n        <\/div>\n    <\/div>\n<\/div>\n\n\n\n<div class=\"wp-block-group arriesgando\"><div class=\"wp-block-group__inner-container is-layout-constrained wp-block-group-is-layout-constrained\">\n<p class=\"arriesgando__riskall\">Risk All<\/p>\n\n\n\n<p class=\"arriesgando__title\">If you don&#8217;t take risks, you don&#8217;t win. Taking risks since 1858 has made us the <strong>best vineyard in the world<\/strong><\/p>\n\n\n\n<p class=\"arriesgando__subtitle\">Being named the best vineyard in the world does not happen by chance. The road to excellence is a journey that is made at a short pace and with your head held high, always looking towards the horizon. We invite you to take a journey through the history of a small winery founded in Elciego in 1858, which, through effort and vision, has become one of the global benchmarks in the world of wine.<\/p>\n<\/div><\/div>\n\n\n\n<div class=\"wp-block-group video-spot\"><div class=\"wp-block-group__inner-container is-layout-constrained wp-block-group-is-layout-constrained\">\n<figure class=\"wp-block-video\"><video height=\"480\" style=\"aspect-ratio: 848 \/ 480;\" width=\"848\" autoplay controls loop muted src=\"https:\/\/risk-all.com\/wp-content\/uploads\/2025\/07\/250701_30-seconds-spot-Risk-All-v1.mp4\" playsinline><\/video><\/figure>\n<\/div><\/div>\n\n\n\n<div class=\"wp-block-group vinculada\"><div class=\"wp-block-group__inner-container is-layout-constrained wp-block-group-is-layout-constrained\">\n<p class=\"vinculada__title\">A history closely linked to risk<\/p>\n<\/div><\/div>\n\n\n\n\n<div id=\"block-basic-columns-block_5e0e591e45ee5e638ccae1f5e927fb83\" class=\"block-basic-columns\">\n    <div class=\"block-basic-columns__wrap\">\n        <div class=\"block-basic-columns_control\">\n            <div class=\"block-basic-columns__control-image block-basic-columns__control-image--right\">\n                                    <img decoding=\"async\" class=\"block-basic-columns__control-image-img animate\" src=\"https:\/\/risk-all.com\/wp-content\/uploads\/2025\/05\/grafica-risk-1.jpg\" alt=\"Cartel de gr\u00e1fica de Marqu\u00e9s de Riscal\n\" data-anim-in=\"fadeInRight\" data-anim-out=\"fadeOutRight\" \/>\n                            <\/div>\n            <div class=\"block-basic-columns__control-text\">\n                    <p class=\"block-basic-columns__control-text-pretitle\">MEDOC ALAV\u00c9S<\/p>\n                    <p class=\"block-basic-columns__control-text-title\">Risk All or how to create the M\u00e9doc Alav\u00e9s by introducing the Bordeaux method in Rioja<\/p>\n                    <div class=\"block-basic-columns__control-text-content\">\n                       <p>In 1862, Marqu\u00e9s de Riscal made a firm commitment to introduce Bordeaux methods in Rioja and, with the help of cellar master Jean Pineau, to produce barrel-aged wines, giving rise to the birth of the M\u00e9doc Alav\u00e9s.<\/p>\n                    <\/div>\n            <\/div>\n        <\/div>\n    <\/div>\n<\/div>\n\n\n\n\n<div id=\"block-basic-columns-block_9ad989b361dcd2989df43fcd69ed0545\" class=\"block-basic-columns\">\n    <div class=\"block-basic-columns__wrap\">\n        <div class=\"block-basic-columns_control\">\n            <div class=\"block-basic-columns__control-image block-basic-columns__control-image--left\">\n                                    <img decoding=\"async\" class=\"block-basic-columns__control-image-img animate\" src=\"https:\/\/risk-all.com\/wp-content\/uploads\/2025\/05\/Grafica-Risk-all-2-1.jpg\" alt=\"Gr\u00e1fica de historia de Marqu\u00e9s de Riscal\" data-anim-in=\"fadeInLeft\" data-anim-out=\"fadeOutLeft\" \/>\n                            <\/div>\n            <div class=\"block-basic-columns__control-text\">\n                    <p class=\"block-basic-columns__control-text-pretitle\">JUANA ZAVALA Y GUZM\u00c1N<\/p>\n                    <p class=\"block-basic-columns__control-text-title\">Risk all or how to bet on a woman to run the business in the 19th century<\/p>\n                    <div class=\"block-basic-columns__control-text-content\">\n                       <p>Juana Zavala y Guzm\u00e1n, at the head of the winery after the death of her husband Camilo Hurtado de Am\u00e9zaga, registered the brand name Herederos del Marqu\u00e9s de Riscal and after the end of the Franco-Spanish tariff treaty, which caused a major crisis, she took measures to prevent the collapse of the local market.<\/p>\n<p>In 1895, Marqu\u00e9s de Riscal wine was awarded the Diploma of Honour at the Bordeaux Universal Exhibition, becoming the first non-French wine to receive this recognition.<\/p>\n                    <\/div>\n            <\/div>\n        <\/div>\n    <\/div>\n<\/div>\n\n\n\n\n<div id=\"block-basic-columns-block_c4c9794f9900b0e9b4fbe369688dbb6e\" class=\"block-basic-columns\">\n    <div class=\"block-basic-columns__wrap\">\n        <div class=\"block-basic-columns_control\">\n            <div class=\"block-basic-columns__control-image block-basic-columns__control-image--right\">\n                                    <img decoding=\"async\" class=\"block-basic-columns__control-image-img animate\" src=\"https:\/\/risk-all.com\/wp-content\/uploads\/2025\/05\/Grafica-Risk-all-1-1-1.jpg\" alt=\"Cartel de Risk All del mejor vi\u00f1edo del mundo, Herederos Marqu\u00e9s de Riscal\" data-anim-in=\"fadeInRight\" data-anim-out=\"fadeOutRight\" \/>\n                            <\/div>\n            <div class=\"block-basic-columns__control-text\">\n                    <p class=\"block-basic-columns__control-text-pretitle\">CITY OF WINE  <\/p>\n                    <p class=\"block-basic-columns__control-text-title\">Risk All or how to build an avant-garde hotel in the heart of  Rioja <\/p>\n                    <div class=\"block-basic-columns__control-text-content\">\n                       <p>In 1999 Marqu\u00e9s de Riscal took on a major challenge, the construction of an avant-garde hotel by the renowned architect Frank Gehry.<\/p>\n<p>The winery is one of the pioneers of wine tourism in Spain, inaugurating the Marqu\u00e9s de Riscal Wine City in 2006, which offers a universe of experiences to enjoy wine through the five senses.<\/p>\n                    <\/div>\n            <\/div>\n        <\/div>\n    <\/div>\n<\/div>\n\n\n\n<div class=\"wp-block-group video-spot-small\"><div class=\"wp-block-group__inner-container is-layout-constrained wp-block-group-is-layout-constrained\">\n<div style=\"height:100px\" aria-hidden=\"true\" class=\"wp-block-spacer\"><\/div>\n\n\n\n<figure class=\"wp-block-video\"><video height=\"1920\" style=\"aspect-ratio: 1080 \/ 1920;\" width=\"1080\" autoplay controls loop muted src=\"https:\/\/risk-all.com\/wp-content\/uploads\/2025\/06\/MARQUES-DE-RISCAL-SPOT-15s-CAST-compr.mp4\" playsinline><\/video><\/figure>\n\n\n\n<div style=\"height:100px\" aria-hidden=\"true\" class=\"wp-block-spacer\"><\/div>\n<\/div><\/div>\n","protected":false},"excerpt":{"rendered":"<p>Risk All If you don&#8217;t take risks, you don&#8217;t win. Taking risks since 1858 has made us the best vineyard in the world Being named the best vineyard in the world does not happen by chance. The road to excellence is a journey that is made at a short pace and with your head held [&hellip;]<\/p>\n","protected":false},"author":1,"featured_media":0,"parent":0,"menu_order":0,"comment_status":"closed","ping_status":"closed","template":"page-templates\/page-full-width.php","meta":{"_acf_changed":false,"_genesis_hide_title":false,"_genesis_hide_breadcrumbs":false,"_genesis_hide_singular_image":false,"_genesis_hide_footer_widgets":false,"_genesis_custom_body_class":"","_genesis_custom_post_class":"","_genesis_layout":"","footnotes":""},"class_list":{"0":"post-301","1":"page","2":"type-page","3":"status-publish","5":"entry"},"acf":[],"_links":{"self":[{"href":"https:\/\/risk-all.com\/en\/wp-json\/wp\/v2\/pages\/301","targetHints":{"allow":["GET"]}}],"collection":[{"href":"https:\/\/risk-all.com\/en\/wp-json\/wp\/v2\/pages"}],"about":[{"href":"https:\/\/risk-all.com\/en\/wp-json\/wp\/v2\/types\/page"}],"author":[{"embeddable":true,"href":"https:\/\/risk-all.com\/en\/wp-json\/wp\/v2\/users\/1"}],"replies":[{"embeddable":true,"href":"https:\/\/risk-all.com\/en\/wp-json\/wp\/v2\/comments?post=301"}],"version-history":[{"count":4,"href":"https:\/\/risk-all.com\/en\/wp-json\/wp\/v2\/pages\/301\/revisions"}],"predecessor-version":[{"id":649,"href":"https:\/\/risk-all.com\/en\/wp-json\/wp\/v2\/pages\/301\/revisions\/649"}],"wp:attachment":[{"href":"https:\/\/risk-all.com\/en\/wp-json\/wp\/v2\/media?parent=301"}],"curies":[{"name":"wp","href":"https:\/\/api.w.org\/{rel}","templated":true}]}}